{"id":558,"date":"2022-12-29T11:04:52","date_gmt":"2022-12-29T08:04:52","guid":{"rendered":"https:\/\/enjoy-tour.uz\/?post_type=product&#038;p=558"},"modified":"2022-12-29T16:29:21","modified_gmt":"2022-12-29T13:29:21","slug":"%d0%b3%d1%80%d1%83%d0%b7%d0%b8%d1%8f","status":"publish","type":"product","link":"https:\/\/well-travel.uz\/uz\/product\/%d0%b3%d1%80%d1%83%d0%b7%d0%b8%d1%8f\/","title":{"rendered":"Gruziya"},"content":{"rendered":"<p>Ularning eng balandining balandligi 5 ming metrdan oshadi. Gruziya tog&#8217;larida siz qishda ham chang&#8217;i kurortlarida, ham yozda dam olishingiz mumkin. Masalan, Tbilisidan atigi ikki soatlik masofada Gruziya harbiy yo&#8217;li joylashgan. Bu erda har doim yangi va salqin, tog &#8216; daryolari yuguradi, u erda yo&#8217;l bo&#8217;yidagi kafelarda tayyorlanadigan eng yaxshi Daryo bal\u0131\u011f\u0131 tutiladi.<\/p>\n<p>&nbsp;<\/p>\n<p>Bu yerda har doim yangi va salqin, tog &#8216; daryolari yuguradi, u yerda yo&#8217;l bo&#8217;yidagi kafelarda tayyorlanadigan eng yaxshi Daryo alabal\u0131\u011f\u0131 tutiladi. Aytgancha, Gruziyadagi iqlim subtropikdan mo &#8221; tadilgacha o&#8217;tish davri. Buyuk Kavkaz tizmasi sovuq Shimoliy shamollardan himoya qiladi. Iqlimi tufayli Gruziya tog&#8217;lari juda boy o&#8217;simlik dunyosiga ega. Yozda bu erga kelganingizda, siz yalang&#8217;och toshlarni ko&#8217;rmaysiz. Ammo Gruziya tog&#8217;lari uchun eng yaxshi mavsum, albatta, erta kuz: yamaqlar yuzlab soyalarda, sariq, qizil, yashil, to&#8217;q sariq ranglarda bo&#8217;yalgan. Faqatgina ushbu turlarning o&#8217;zi uchun Gruziyaga kamida bir marta tashrif buyurish kerak. Taassurotni kuchaytirmoqchimisiz? Jinval suv omboriga boring. U Gruziya harbiy yo&#8217;liga boradigan yo&#8217;lda joylashgan. Yo&#8217;lda bir oz ko&#8217;proq va siz o&#8217;zingizni Ananuri qal&#8217;asida topasiz. Ehtimol, biron bir so&#8217;z bu joylarda bo&#8217;lganingizda olgan taassurotingizni yetkaza olmaydi. Shuning uchun biz sizga faqat fotosuratlarni ko&#8217;rsatamiz.<\/p>\n<p>Gruziyada dengiz bor. Gruziyaning eng mashhur Batumi kurortining qirg&#8217;oqlari ham o&#8217;simliklarga boy. Ammo tog&#8217;lardan farqli o&#8217;laroq, bu yerda palma daraxtlari, ekzotik gullar o&#8217;sadi. Batumidagi sayyohlar unutilmas Gruziya lazzati bilan &#8220;tajribali&#8221; barcha zamonaviy infratuzilmalarga ega. Gruziyada plyaj ta&#8217;tillari talabga ega bo&#8217;ladimi va Batumida Art Nouveau, Italiya me&#8217;morchiligi, sovet davridagi aks-sadolar va Gruziya an&#8217;analari qanday &#8220;birlashishi&#8221; haqida quyidagi hikoyalardan birini o&#8217;qing.<\/p>\n<p>Gruziyada madaniyat, urf-odatlar va tarix mavjud. Ehtimol,bu faktlar hatto Gruziyaga hech qachon tashrif buyurmaganlarga ham ma&#8217;lum. Allaqachon Rossiyada Gruziya restoranlari, ko&#8217;rgazmalari va festivallari hamma joyda ishlaydi. Ko&#8217;pchilik &#8220;Gruziya polifoniyasi&#8221;, an&#8217;anaviy gruzin liboslari, raqslar va, albatta, oshxonani biladi. Ushbu an&#8217;analarning barchasi jonli va sizni Gruziyada kutib oladi. Masalan, Tbilisida ko&#8217;plab Evropa taomlari restoranlari, zamonaviy piyodalar ko&#8217;chalari, xorijiy brendlar do&#8217;konlari mavjud.<\/p>\n<p>Gruziyada sharob bor. U allaqachon Moskva do&#8217;konlarida mavjud, ammo Gruziyada sharob uylari va qabrlarga ega. Bu yerda sizga nafaqat gruzin vinolarining an&#8217;anaviy navlarini sinab ko&#8217;rish taklif etiladi, balki ajoyib tatib ko&#8217;rish paytida ular tarixi haqida gapirib berishadi (Gruziyada sharob 5 ming yil davomida ishlab chiqarilganligini tasdiqlovchi asarlar topilgan deb ishoniladi), Gruziyada tatib ko&#8217;rish, bayram kabi, juda uzoq vaqt davom etishi mumkin-bu yerda oziq-ovqat va sharobni iste&#8217;mol qilish jiddiylik va shoshilinchlik bilan mos keladi. Agar siz ushbu bayramni umuman to&#8217;xtatishni xohlamasangiz, ba&#8217;zi sharob uylari arzon turar joylarni taklif qiladi. Aytgancha, Gruziya sharobi Evropada odatdagidek eman bochkalarida qarimaydi. U yerga ko&#8217;milgan kvevri loy idishlarida &#8220;yashaydi&#8221;. Ha, u yashaydi. Gruziya sharob ishlab chiqaruvchilari sharob haqida gapirishadi va unga tirik mavjudot sifatida munosabatda bo&#8217;lishadi \u2013 u yashaydi, ochiladi, o&#8217;sadi.<\/p>\n<p>Gruziyada mehmondo&#8217;stlik mavjud. Bu haqida yuqorida aytib o&#8217;tilgan edi, lekin, ehtimol, Gruziya mehmondo&#8217;stligi haqidagi butun matn sizni Gruziyada kutib oladigan samimiylik va samimiy munosabatni to&#8217;liq aks ettirmaydi. Bu mehmondo&#8217;stlik sizni restoranlarda, do&#8217;konlarda, ko&#8217;chalarda va, albatta, stolda kutmoqda.<\/p>\n<p>Gruziyaning ruhi bor. Gruzinlarning aksariyati pravoslavlikni tan olishadi. Gruziyaning ikkita asosiy ziyoratgohi-Jvari monastiri va Svetitsxoveli ibodatxonasi. Ikkala ziyoratgoh ham Gruziyaning qadimiy poytaxti-Mtsxetda joylashgan. Gruziya ma&#8217;rifatparvar Avliyo Nino. Uning qoldiqlari Kaxetiyadagi Signaxidan 2 km uzoqlikda joylashgan Bodbi monastirida saqlanadi. Monastir jamoatchilik uchun ochiq.<\/p>\n<p>Gruziya juda xavfsiz. Yo&#8217;llarda yo&#8217;l harakati politsiyasi, ko&#8217;chalarda qurollangan &#8220;kordonlar&#8221; yo&#8217;q. Qiziqarli kuzatuv-Gruziyadagi barcha politsiya bo&#8217;limlari shishadan yasalgan-Gruziya huquqni muhofaza qilish organlari shaffof.<\/p>\n<p>Gruziyada korruptsiya yo&#8217;q. Yo&#8217;l harakati qoidalarini buzganlik uchun siz jarima to&#8217;lashingiz kerak bo&#8217;ladi. Politsiya xodimi bilan&#8221; kelishish &#8221; ishlamaydi. Gruziyada hech kim hujum qilmaydi, siz ko&#8217;chalarda tinchgina yurishingiz mumkin-ba&#8217;zi mahalliy aholi hatto mashinalarni yopmaydi, giyohvandlar yo&#8217;q.<\/p>\n<p>Gruziya rus sayyohlarini qabul qilishga tayyor. Endi mamlakatga asosan sobiq SSSR mamlakatlari aholisi (Ozarbayjon, Armaniston, Ukraina va boshqalar), shuningdek evropaliklar keladi. Rossiyadan kelgan sayyohlar soni hali ko&#8217;p emas. Shunga qaramay, vaziyat faol ravishda o&#8217;zgarib bormoqda: Gruziya mahsulotlari Rossiya javonlarida paydo bo&#8217;ladi va televizorda Gruziyaning sayyohlik maskani sifatida reklama qilinadi. Rossiya turoperatorlari, shuningdek, turistik Gruziya tomon burilib, ushbu yo&#8217;nalishda savdo-sotiqni ochmoqdalar. Infoturning barcha ishtirokchilari Gruziyaning Rossiyada ulkan salohiyatga ega ekanligiga rozi bo&#8217;lishdi va yaqin orada u to&#8217;liq amalga oshirila boshlaydi.<\/p>","protected":false},"excerpt":{"rendered":"<p>Gruziyada tog&#8217;lar bor. Ularning balandligi 5 ming metrdan oshadi. Gruziya tog&#8217;larida siz qishda ham chang&#8217;i kurortlarida, ham yozda dam olishingiz mumkin. Masalan, Tbilisidan atigi ikki soatlik masofada Gruziya harbiy yo&#8217;li joylashgan.<\/p>\n[contact-form-7 id=\"236\" title=\"\u0411\u0435\u0437 \u043d\u0430\u0437\u0432\u0430\u043d\u0438\u044f\"]\n","protected":false},"featured_media":559,"template":"","meta":[],"product_cat":[44],"product_tag":[],"class_list":{"0":"post-558","1":"product","2":"type-product","3":"status-publish","4":"has-post-thumbnail","6":"product_cat-44","8":"first","9":"instock","10":"shipping-taxable","11":"purchasable","12":"product-type-simple"},"_links":{"self":[{"href":"https:\/\/well-travel.uz\/uz\/wp-json\/wp\/v2\/product\/558","targetHints":{"allow":["GET"]}}],"collection":[{"href":"https:\/\/well-travel.uz\/uz\/wp-json\/wp\/v2\/product"}],"about":[{"href":"https:\/\/well-travel.uz\/uz\/wp-json\/wp\/v2\/types\/product"}],"version-history":[{"count":0,"href":"https:\/\/well-travel.uz\/uz\/wp-json\/wp\/v2\/product\/558\/revisions"}],"wp:featuredmedia":[{"embeddable":true,"href":"https:\/\/well-travel.uz\/uz\/wp-json\/wp\/v2\/media\/559"}],"wp:attachment":[{"href":"https:\/\/well-travel.uz\/uz\/wp-json\/wp\/v2\/media?parent=558"}],"wp:term":[{"taxonomy":"product_cat","embeddable":true,"href":"https:\/\/well-travel.uz\/uz\/wp-json\/wp\/v2\/product_cat?post=558"},{"taxonomy":"product_tag","embeddable":true,"href":"https:\/\/well-travel.uz\/uz\/wp-json\/wp\/v2\/product_tag?post=558"}],"curies":[{"name":"wp","href":"https:\/\/api.w.org\/{rel}","templated":true}]}}